{"id":199,"date":"2024-11-29T02:14:00","date_gmt":"2024-11-29T02:14:00","guid":{"rendered":"https:\/\/events.melyspausedouceur.com\/?post_type=product&#038;p=199"},"modified":"2024-12-06T13:59:04","modified_gmt":"2024-12-06T13:59:04","slug":"10-ans-de-melys-pause-douceur","status":"publish","type":"product","link":"https:\/\/events.melyspausedouceur.com\/en\/product\/10-ans-de-melys-pause-douceur\/","title":{"rendered":"10 ANS de Melys Pause Douceur"},"content":{"rendered":"<p>\ud83c\udfb6 <strong>Nous c\u00e9l\u00e9brons 10 ans<\/strong> \ud83c\udfb6<br \/>\n<b>8 D\u00e9cembre 2014 -2024<\/b><\/p>\n<p>\ud83d\uddd3\ufe0f <strong>Date<\/strong> : 08 D\u00e9cembre 2024<br \/>\n\ud83d\udd56 <strong>Heure<\/strong> : 13h00<br \/>\n\ud83d\udccd <strong>Lieu<\/strong> : Melys Pause Douceur, 110 Boul Churchill, Greenfield Park, QC, J4V 2L9<\/p>\n<p>Venez d\u00e9couvrir et go\u00fbter nos nouveaut\u00e9s!<\/p>\n<p>L&#8217;\u00e9v\u00e9nement est <strong>GRATUIT,\u00a0<\/strong><\/p>\n<p>\u26a0\ufe0f <strong>Les places sont limit\u00e9es<\/strong>.<\/p>\n<p>Soyez au rendez-vous!<\/p>","protected":false},"excerpt":{"rendered":"<p>Melys Pause Douceur, f\u00eate ses 10 ans, le 08 D\u00e9cembre 2024 d\u00e8s 13h au 110 Boulevard Churchill, Greenfield Park, QC, J4V 2L9.<\/p>","protected":false},"featured_media":200,"comment_status":"open","ping_status":"closed","template":"","meta":{"nf_dc_page":"","site-sidebar-layout":"default","site-content-layout":"","ast-site-content-layout":"default","site-content-style":"default","site-sidebar-style":"default","ast-global-header-display":"","ast-banner-title-visibility":"","ast-main-header-display":"","ast-hfb-above-header-display":"","ast-hfb-below-header-display":"","ast-hfb-mobile-header-display":"","site-post-title":"","ast-breadcrumbs-content":"","ast-featured-img":"","footer-sml-layout":"","ast-disable-related-posts":"","theme-transparent-header-meta":"default","adv-header-id-meta":"","stick-header-meta":"","header-above-stick-meta":"","header-main-stick-meta":"","header-below-stick-meta":"","astra-migrate-meta-layouts":"set","ast-page-background-enabled":"default","ast-page-background-meta":{"desktop":{"background-color":"var(--ast-global-color-4)","background-image":"","background-repeat":"repeat","background-position":"center center","background-size":"auto","background-attachment":"scroll","background-type":"","background-media":"","overlay-type":"","overlay-color":"","overlay-opacity":"","overlay-gradient":""},"tablet":{"background-color":"","background-image":"","background-repeat":"repeat","background-position":"center center","background-size":"auto","background-attachment":"scroll","background-type":"","background-media":"","overlay-type":"","overlay-color":"","overlay-opacity":"","overlay-gradient":""},"mobile":{"background-color":"","background-image":"","background-repeat":"repeat","background-position":"center center","background-size":"auto","background-attachment":"scroll","background-type":"","background-media":"","overlay-type":"","overlay-color":"","overlay-opacity":"","overlay-gradient":""}},"ast-content-background-meta":{"desktop":{"background-color":"var(--ast-global-color-5)","background-image":"","background-repeat":"repeat","background-position":"center center","background-size":"auto","background-attachment":"scroll","background-type":"","background-media":"","overlay-type":"","overlay-color":"","overlay-opacity":"","overlay-gradient":""},"tablet":{"background-color":"var(--ast-global-color-5)","background-image":"","background-repeat":"repeat","background-position":"center center","background-size":"auto","background-attachment":"scroll","background-type":"","background-media":"","overlay-type":"","overlay-color":"","overlay-opacity":"","overlay-gradient":""},"mobile":{"background-color":"var(--ast-global-color-5)","background-image":"","background-repeat":"repeat","background-position":"center center","background-size":"auto","background-attachment":"scroll","background-type":"","background-media":"","overlay-type":"","overlay-color":"","overlay-opacity":"","overlay-gradient":""}}},"product_brand":[],"product_cat":[19],"product_tag":[34],"class_list":{"0":"post-199","1":"product","2":"type-product","3":"status-publish","4":"has-post-thumbnail","6":"product_cat-event-ticketing","7":"product_tag-event","8":"desktop-align-left","9":"tablet-align-left","10":"mobile-align-left","12":"first","13":"instock","14":"virtual","15":"product-type-event_ticket_manager"},"_links":{"self":[{"href":"https:\/\/events.melyspausedouceur.com\/en\/wp-json\/wp\/v2\/product\/199","targetHints":{"allow":["GET"]}}],"collection":[{"href":"https:\/\/events.melyspausedouceur.com\/en\/wp-json\/wp\/v2\/product"}],"about":[{"href":"https:\/\/events.melyspausedouceur.com\/en\/wp-json\/wp\/v2\/types\/product"}],"replies":[{"embeddable":true,"href":"https:\/\/events.melyspausedouceur.com\/en\/wp-json\/wp\/v2\/comments?post=199"}],"wp:featuredmedia":[{"embeddable":true,"href":"https:\/\/events.melyspausedouceur.com\/en\/wp-json\/wp\/v2\/media\/200"}],"wp:attachment":[{"href":"https:\/\/events.melyspausedouceur.com\/en\/wp-json\/wp\/v2\/media?parent=199"}],"wp:term":[{"taxonomy":"product_brand","embeddable":true,"href":"https:\/\/events.melyspausedouceur.com\/en\/wp-json\/wp\/v2\/product_brand?post=199"},{"taxonomy":"product_cat","embeddable":true,"href":"https:\/\/events.melyspausedouceur.com\/en\/wp-json\/wp\/v2\/product_cat?post=199"},{"taxonomy":"product_tag","embeddable":true,"href":"https:\/\/events.melyspausedouceur.com\/en\/wp-json\/wp\/v2\/product_tag?post=199"}],"curies":[{"name":"wp","href":"https:\/\/api.w.org\/{rel}","templated":true}]}}